{"id":971,"date":"2019-09-11T13:47:08","date_gmt":"2019-09-11T11:47:08","guid":{"rendered":"https:\/\/www.mannheimer-altertumsverein.de\/?page_id=971"},"modified":"2022-06-20T09:53:25","modified_gmt":"2022-06-20T07:53:25","slug":"kinder-und-jugendseite","status":"publish","type":"page","link":"https:\/\/www.mannheimer-altertumsverein.de\/?page_id=971","title":{"rendered":"Kinder und Jugend"},"content":{"rendered":"<p>[et_pb_section admin_label=&#8220;section&#8220; transparent_background=&#8220;off&#8220; allow_player_pause=&#8220;off&#8220; inner_shadow=&#8220;off&#8220; parallax=&#8220;off&#8220; parallax_method=&#8220;off&#8220; make_fullwidth=&#8220;off&#8220; use_custom_width=&#8220;off&#8220; width_unit=&#8220;on&#8220; make_equal=&#8220;off&#8220; use_custom_gutter=&#8220;off&#8220; background_image=&#8220;https:\/\/www.mannheimer-altertumsverein.de\/wp-content\/uploads\/2019\/03\/MP.png&#8220;][et_pb_row admin_label=&#8220;Zeile&#8220;][et_pb_column type=&#8220;4_4&#8243;][et_pb_text admin_label=&#8220;Text&#8220; background_layout=&#8220;light&#8220; text_orientation=&#8220;left&#8220; use_border_color=&#8220;off&#8220; border_color=&#8220;#ffffff&#8220; border_style=&#8220;solid&#8220;]<\/p>\n<p style=\"text-align: center;\"><span style=\"font-size: 12pt;\"><strong>Die Kinder- und Jugendseite des Mannheimer Altertumsvereins von 1859<\/strong><\/span><\/p>\n<p style=\"text-align: center;\"><span style=\"font-size: 12pt;\"><strong>\u00a0<\/strong><\/span><\/p>\n<p>[\/et_pb_text][\/et_pb_column][\/et_pb_row][et_pb_row admin_label=&#8220;Zeile&#8220;][et_pb_column type=&#8220;4_4&#8243;][et_pb_text admin_label=&#8220;Text&#8220; background_layout=&#8220;light&#8220; text_orientation=&#8220;left&#8220; use_border_color=&#8220;off&#8220; border_color=&#8220;#ffffff&#8220; border_style=&#8220;solid&#8220;]<\/p>\n<p>Der Mannheimer Altertumsverein ist seit 160 Jahren der Geschichte in Mannheim und der Region auf der Spur!<\/p>\n<p>Kommt mit und macht Euch in den Reiss-Engelhorn-Museen auf eine spannende Zeitreise!<\/p>\n<p><strong>\u00a0<\/strong><\/p>\n<p><strong>Entdeckerheft f\u00fcr Kinder und Jugendliche ab 10 Jahren \u201eGlanz der Antike. Mit Gottheiten, Heldinnen und Helden durch die Antike\u201c<\/strong><\/p>\n<p>Antikensammlung im Museum Zeughaus C5<\/p>\n<p>Geht auf Entdeckungstour und erforscht, wie die Menschen in der Antike im Mittelmeerraum gelebt haben, welches ihre Heldinnen und Helden waren und welche Gottheiten sie verehrten. Beim L\u00f6sen der R\u00e4tsel und spielerischen Aufgaben begegnet Ihr spannenden Originalen und Ihr werdet erstaunt sein, wie oft Euch im t\u00e4glichen Leben das antike Griechenland begegnet.<\/p>\n<p>Klickt einfach auf das Entdeckerheft und seht, was Euch erwartet!<\/p>\n<p><a href=\"https:\/\/www.mannheimer-altertumsverein.de\/?page_id=1851\" target=\"_blank\" rel=\"noopener noreferrer\"><img decoding=\"async\" loading=\"lazy\" class=\"alignleft wp-image-1847\" src=\"https:\/\/www.mannheimer-altertumsverein.de\/wp-content\/uploads\/2022\/06\/Cover-Antike-300x211.jpg\" alt=\"\" width=\"331\" height=\"233\" srcset=\"https:\/\/www.mannheimer-altertumsverein.de\/wp-content\/uploads\/2022\/06\/Cover-Antike-300x211.jpg 300w, https:\/\/www.mannheimer-altertumsverein.de\/wp-content\/uploads\/2022\/06\/Cover-Antike-768x541.jpg 768w, https:\/\/www.mannheimer-altertumsverein.de\/wp-content\/uploads\/2022\/06\/Cover-Antike-1024x722.jpg 1024w, https:\/\/www.mannheimer-altertumsverein.de\/wp-content\/uploads\/2022\/06\/Cover-Antike-1080x761.jpg 1080w\" sizes=\"(max-width: 331px) 100vw, 331px\" \/><\/a><\/p>\n<p>&nbsp;<\/p>\n<p>&nbsp;<\/p>\n<p>&nbsp;<\/p>\n<p>&nbsp;<\/p>\n<p>&nbsp;<\/p>\n<p>&nbsp;<\/p>\n<p>Das Entdeckerheft ist an den Kassen im Museum Zeughaus C5 und im Museum Weltkulturen D5 erh\u00e4ltlich. Dazu bekommt Ihr einen Bleistift, mit dem Ihr gleich Eure ersten Forschungsergebnisse eintragen k\u00f6nnt.<\/p>\n<p><strong>\u00a0<\/strong><\/p>\n<p><strong>R\u00e4tselhefte durch die Ausstellung \u201eVersunkene Geschichte. Arch\u00e4ologie an Rhein und Neckar\u201c im Museum Weltkulturen D5<\/strong><\/p>\n<p>&nbsp;<\/p>\n<p>Wie kleine Forscherinnen und Forscher k\u00f6nnt Ihr aktiv erkunden, wie die Menschen in der Steinzeit gelebt haben und entdecken, welche spannenden Funde die Arch\u00e4ologen in Mannheim und in der Region aus der Zeit bis ins fr\u00fche Mittelalter ausgegraben haben. Mit abwechslungsreichen Aufgaben von Kreuzwortr\u00e4tseln \u00fcber Malaufgaben und Zuordnungen k\u00f6nnt Ihr erfahren, wie die Menschen in historischen Zeiten gegessen, gewohnt, gearbeitet und sich gekleidet haben.<\/p>\n<p>Die R\u00e4tselhefte k\u00f6nnt Ihr mit nach Hause nehmen und anderen kleinen und gro\u00dfen Museumsbesuchern berichten, was Ihr auf Eurer Entdeckungsreise erlebt habt.<\/p>\n<p>&nbsp;<\/p>\n<p>Klickt einfach auf die R\u00e4tselhefte und seht, was Euch erwartet!<\/p>\n<p>&nbsp;<\/p>\n<p><strong>R\u00e4tselheft f\u00fcr Kinder von 5-7 Jahren<\/strong><\/p>\n<p><a href=\"https:\/\/www.mannheimer-altertumsverein.de\/wp-content\/uploads\/2019\/09\/rem_Ra\u0308tselheft_Versunkene-Geschichte.pdf\" target=\"_blank\" rel=\"noopener noreferrer\"><img decoding=\"async\" loading=\"lazy\" class=\"alignnone wp-image-974\" src=\"https:\/\/www.mannheimer-altertumsverein.de\/wp-content\/uploads\/2019\/09\/MockUp_Versunkene-Geschichte-300x200.png\" alt=\"\" width=\"397\" height=\"265\" srcset=\"https:\/\/www.mannheimer-altertumsverein.de\/wp-content\/uploads\/2019\/09\/MockUp_Versunkene-Geschichte-300x200.png 300w, https:\/\/www.mannheimer-altertumsverein.de\/wp-content\/uploads\/2019\/09\/MockUp_Versunkene-Geschichte-768x512.png 768w, https:\/\/www.mannheimer-altertumsverein.de\/wp-content\/uploads\/2019\/09\/MockUp_Versunkene-Geschichte-1024x683.png 1024w, https:\/\/www.mannheimer-altertumsverein.de\/wp-content\/uploads\/2019\/09\/MockUp_Versunkene-Geschichte-1080x720.png 1080w\" sizes=\"(max-width: 397px) 100vw, 397px\" \/><\/a><\/p>\n<p><a href=\"https:\/\/www.mannheimer-altertumsverein.de\/wp-content\/uploads\/2020\/04\/Versunkene-Geschichte_5-7jaehirge_Web.pdf\" target=\"_blank\" rel=\"noopener noreferrer\">Zum R\u00e4tselheft von 5-7 Jahren<\/a><\/p>\n<p>&nbsp;<\/p>\n<p><strong>R\u00e4tselheft f\u00fcr Kinder von 8-12 Jahren<\/strong><\/p>\n<p><a href=\"https:\/\/www.mannheimer-altertumsverein.de\/wp-content\/uploads\/2019\/09\/rem_Ra\u0308tselheft_Versunkene_Geschichte_8-12_Jahre.pdf\" target=\"_blank\" rel=\"noopener noreferrer\"><img decoding=\"async\" loading=\"lazy\" class=\"alignnone wp-image-975\" src=\"https:\/\/www.mannheimer-altertumsverein.de\/wp-content\/uploads\/2019\/09\/MockUp_Versunkene-Geschichte2-300x200.png\" alt=\"\" width=\"397\" height=\"265\" srcset=\"https:\/\/www.mannheimer-altertumsverein.de\/wp-content\/uploads\/2019\/09\/MockUp_Versunkene-Geschichte2-300x200.png 300w, https:\/\/www.mannheimer-altertumsverein.de\/wp-content\/uploads\/2019\/09\/MockUp_Versunkene-Geschichte2-768x512.png 768w, https:\/\/www.mannheimer-altertumsverein.de\/wp-content\/uploads\/2019\/09\/MockUp_Versunkene-Geschichte2-1024x683.png 1024w, https:\/\/www.mannheimer-altertumsverein.de\/wp-content\/uploads\/2019\/09\/MockUp_Versunkene-Geschichte2-1080x720.png 1080w\" sizes=\"(max-width: 397px) 100vw, 397px\" \/><\/a><\/p>\n<p><a href=\"https:\/\/www.mannheimer-altertumsverein.de\/wp-content\/uploads\/2020\/04\/Versunkene-Geschichte_8-12jaehrige_Web.pdf\" target=\"_blank\" rel=\"noopener noreferrer\">Zum R\u00e4tselheft von 8-12 Jahren<\/a><\/p>\n<p>&nbsp;<\/p>\n<p>Die R\u00e4tselhefte sind f\u00fcr 1,- \u20ac an der Kasse im Museum Weltkulturen D5 erh\u00e4ltlich. Dazu bekommt Ihr einen Bleistift, mit dem Ihr gleich Eure ersten Forschungsergebnisse eintragen k\u00f6nnt.<\/p>\n<p>Der Eintritt in die Ausstellung \u201eVersunkene Geschichte. Arch\u00e4ologie an Rhein und Neckar\u201c ist f\u00fcr Kinder kostenfrei.<\/p>\n<p>Der Mannheimer Altertumsverein von 1859 unterst\u00fctzt \u2013 auch dank der Unterst\u00fctzung von privaten Spendern \u2013 mit der Finanzierung der R\u00e4tselhefte die museumsp\u00e4dagogische Arbeit der Reiss-Engelhorn-Museen. Viele Objekte, die Ihr in der Ausstellung entdecken werdet, stammen aus seinen Sammlungen und werden von den Reiss-Engelhorn-Museen bewahrt.<\/p>\n<p>&nbsp;<\/p>\n<p><strong>Wir bieten auch eine Familienmitgliedschaft f\u00fcr 45,- \u20ac im Jahr an. Weitere Informationen erh\u00e4ltst Du <a href=\"https:\/\/www.mannheimer-altertumsverein.de\/wp-content\/uploads\/2018\/02\/MAV_Beitrittserkla%CC%88rung.pdf\" target=\"_blank\" rel=\"noopener noreferrer\">hier<\/a>.<\/strong><\/p>\n<p>[\/et_pb_text][\/et_pb_column][\/et_pb_row][et_pb_row admin_label=&#8220;Zeile&#8220;][et_pb_column type=&#8220;1_4&#8243;][\/et_pb_column][et_pb_column type=&#8220;1_2&#8243;][et_pb_cta admin_label=&#8220;Handlungsaufruf&#8220; button_url=&#8220;https:\/\/www.mannheimer-altertumsverein.de\/#verein&#8220; url_new_window=&#8220;off&#8220; button_text=&#8220;Zur\u00fcck zum Verein&#8220; use_background_color=&#8220;on&#8220; background_color=&#8220;#007d3a&#8220; background_layout=&#8220;dark&#8220; text_orientation=&#8220;center&#8220; use_border_color=&#8220;off&#8220; border_color=&#8220;#ffffff&#8220; border_style=&#8220;solid&#8220; custom_button=&#8220;off&#8220; button_letter_spacing=&#8220;0&#8243; button_use_icon=&#8220;default&#8220; button_icon_placement=&#8220;right&#8220; button_on_hover=&#8220;on&#8220; button_letter_spacing_hover=&#8220;0&#8243;]<br \/>\n[\/et_pb_cta][\/et_pb_column][et_pb_column type=&#8220;1_4&#8243;][\/et_pb_column][\/et_pb_row][\/et_pb_section]<\/p>\n","protected":false},"excerpt":{"rendered":"<p>[et_pb_section admin_label=&#8220;section&#8220; transparent_background=&#8220;off&#8220; allow_player_pause=&#8220;off&#8220; inner_shadow=&#8220;off&#8220; parallax=&#8220;off&#8220; parallax_method=&#8220;off&#8220; make_fullwidth=&#8220;off&#8220; use_custom_width=&#8220;off&#8220; width_unit=&#8220;on&#8220; make_equal=&#8220;off&#8220; use_custom_gutter=&#8220;off&#8220; background_image=&#8220;https:\/\/www.mannheimer-altertumsverein.de\/wp-content\/uploads\/2019\/03\/MP.png&#8220;][et_pb_row admin_label=&#8220;Zeile&#8220;][et_pb_column type=&#8220;4_4&#8243;][et_pb_text admin_label=&#8220;Text&#8220; background_layout=&#8220;light&#8220; text_orientation=&#8220;left&#8220; use_border_color=&#8220;off&#8220; border_color=&#8220;#ffffff&#8220; border_style=&#8220;solid&#8220;] Die Kinder- und Jugendseite des Mannheimer Altertumsvereins von 1859 \u00a0 [\/et_pb_text][\/et_pb_column][\/et_pb_row][et_pb_row admin_label=&#8220;Zeile&#8220;][et_pb_column type=&#8220;4_4&#8243;][et_pb_text admin_label=&#8220;Text&#8220; background_layout=&#8220;light&#8220; text_orientation=&#8220;left&#8220; use_border_color=&#8220;off&#8220; border_color=&#8220;#ffffff&#8220; border_style=&#8220;solid&#8220;] Der Mannheimer Altertumsverein ist seit 160 Jahren der Geschichte in Mannheim und der Region auf [&hellip;]<\/p>\n","protected":false},"author":1,"featured_media":0,"parent":0,"menu_order":0,"comment_status":"closed","ping_status":"closed","template":"","meta":[],"_links":{"self":[{"href":"https:\/\/www.mannheimer-altertumsverein.de\/index.php?rest_route=\/wp\/v2\/pages\/971"}],"collection":[{"href":"https:\/\/www.mannheimer-altertumsverein.de\/index.php?rest_route=\/wp\/v2\/pages"}],"about":[{"href":"https:\/\/www.mannheimer-altertumsverein.de\/index.php?rest_route=\/wp\/v2\/types\/page"}],"author":[{"embeddable":true,"href":"https:\/\/www.mannheimer-altertumsverein.de\/index.php?rest_route=\/wp\/v2\/users\/1"}],"replies":[{"embeddable":true,"href":"https:\/\/www.mannheimer-altertumsverein.de\/index.php?rest_route=%2Fwp%2Fv2%2Fcomments&post=971"}],"version-history":[{"count":34,"href":"https:\/\/www.mannheimer-altertumsverein.de\/index.php?rest_route=\/wp\/v2\/pages\/971\/revisions"}],"predecessor-version":[{"id":1857,"href":"https:\/\/www.mannheimer-altertumsverein.de\/index.php?rest_route=\/wp\/v2\/pages\/971\/revisions\/1857"}],"wp:attachment":[{"href":"https:\/\/www.mannheimer-altertumsverein.de\/index.php?rest_route=%2Fwp%2Fv2%2Fmedia&parent=971"}],"curies":[{"name":"wp","href":"https:\/\/api.w.org\/{rel}","templated":true}]}}