{"id":891,"date":"2019-02-07T19:11:16","date_gmt":"2019-02-07T18:11:16","guid":{"rendered":"https:\/\/www.mannheimer-altertumsverein.de\/?page_id=891"},"modified":"2019-06-10T09:59:07","modified_gmt":"2019-06-10T07:59:07","slug":"spenden","status":"publish","type":"page","link":"https:\/\/www.mannheimer-altertumsverein.de\/?page_id=891","title":{"rendered":"Spenden"},"content":{"rendered":"<p>[et_pb_section admin_label=&#8220;section&#8220; transparent_background=&#8220;off&#8220; allow_player_pause=&#8220;off&#8220; inner_shadow=&#8220;off&#8220; parallax=&#8220;off&#8220; parallax_method=&#8220;off&#8220; make_fullwidth=&#8220;off&#8220; use_custom_width=&#8220;off&#8220; width_unit=&#8220;on&#8220; make_equal=&#8220;off&#8220; use_custom_gutter=&#8220;off&#8220; background_image=&#8220;https:\/\/www.mannheimer-altertumsverein.de\/wp-content\/uploads\/2019\/03\/MP.png&#8220;][et_pb_row admin_label=&#8220;Zeile&#8220;][et_pb_column type=&#8220;4_4&#8243;][et_pb_text admin_label=&#8220;Text&#8220; background_layout=&#8220;light&#8220; text_orientation=&#8220;left&#8220; use_border_color=&#8220;off&#8220; border_color=&#8220;#ffffff&#8220; border_style=&#8220;solid&#8220;]<\/p>\n<p style=\"text-align: center;\"><span style=\"font-size: 12pt;\"><strong>Spenden und ihre Verwendung<\/strong><\/span><\/p>\n<p style=\"text-align: center;\"><span style=\"font-size: 12pt;\"><strong>Engagieren Sie sich bei Projekten des Mannheimer Altertumsvereins von 1859!<br \/>\n<\/strong><\/span><\/p>\n<p style=\"text-align: center;\"><span style=\"font-size: 12pt;\"><strong>Der Mannheimer Altertumsverein<\/strong><\/span><\/p>\n<p>[\/et_pb_text][\/et_pb_column][\/et_pb_row][et_pb_row admin_label=&#8220;Zeile&#8220;][et_pb_column type=&#8220;4_4&#8243;][et_pb_text admin_label=&#8220;Text&#8220; background_layout=&#8220;light&#8220; text_orientation=&#8220;left&#8220; use_border_color=&#8220;off&#8220; border_color=&#8220;#ffffff&#8220; border_style=&#8220;solid&#8220;]<\/p>\n<p>&nbsp;<\/p>\n<ul>\n<li><span style=\"font-size: 12pt;\">t\u00e4tigt <strong>Ank\u00e4ufe von Objekten<\/strong>, wie Gem\u00e4lden, Grafiken oder Handschriften, welche die bereits seit den Anf\u00e4ngen des Mannheimer Altertumsvereins von 1859 stetig erweiterten Best\u00e4nde sinnvoll erg\u00e4nzen. Die Reiss-Engelhorn-Museen pr\u00e4sentieren die gezielt erworbenen Objekte in Sonderausstellungen zur Stadt- und Regionalgeschichte der ehemaligen Kurpfalz.<\/span><\/li>\n<\/ul>\n<p>&nbsp;<\/p>\n<ul>\n<li><span style=\"font-size: 12pt;\">beteiligt sich an der finanziellen Unterst\u00fctzung von <strong>Restaurierungsma\u00dfnahmen<\/strong> von Sammlungsbest\u00e4nden und erworbenen Objekten<\/span><\/li>\n<\/ul>\n<p>&nbsp;<\/p>\n<ul>\n<li><span style=\"font-size: 12pt;\">tritt als Veranstalter und Kooperationspartner von <strong>wissenschaftlichen Tagungen und Kolloquien<\/strong> zu lokal- und regionalgeschichtlichen Themen der ehemaligen Kurpfalz \u2013 auch f\u00fcr junge Wissenschaftler und Wissenschaftlerinnen in Erscheinung.<\/span><\/li>\n<\/ul>\n<p>&nbsp;<\/p>\n<ul>\n<li><span style=\"font-size: 12pt;\">finanziert die Publizierung von herausragenden <strong>Dissertationen<\/strong> mit neuen wissenschaftlichen Erkenntnisse zur Stadt- und Regionalgeschichte in der Reihe der Mannheimer historischen Schriften<\/span><\/li>\n<\/ul>\n<p>&nbsp;<\/p>\n<ul>\n<li><span style=\"font-size: 12pt;\">f\u00f6rdert <strong>museumsp\u00e4dagogische Angebote<\/strong> <strong>f\u00fcr Kinder und Jugendliche<\/strong> der Reiss-Engelhorn-Museen zu den st\u00e4ndigen Sammlungen, in denen Objekte aus den Best\u00e4nden des Mannheimer Altertumsvereins ausgestellt werden.<\/span><\/li>\n<\/ul>\n<p>&nbsp;<\/p>\n<p><span style=\"font-size: 12pt;\">Die \u201e<strong>Stiftung Brigitte und Klaus H\u00f6ft<\/strong>\u201c unterst\u00fctzt die <strong>Erforschung der Mannheimer Musikgeschichte<\/strong>. Weitere Informationen zur Stiftung erhalten Sie <a href=\"https:\/\/www.mannheimer-altertumsverein.de\/?page_id=878\">hier<\/a>.<\/span><\/p>\n<p>&nbsp;<\/p>\n<p><span style=\"font-size: 12pt;\"><strong>Sehr gerne k\u00f6nnen wir Ihnen Auskunft geben, welche aktuellen und geplanten Projekte Sie mit einer Spende unterst\u00fctzen k\u00f6nnen.<\/strong><\/span><\/p>\n<p><span style=\"font-size: 12pt;\">Spenden k\u00f6nnen Sie an folgende Bankverbindung des Mannheimer Altertumsvereins richten:<\/span><\/p>\n<p><span style=\"font-size: 12pt;\">Mannheimer Altertumsverein von 1859<\/span><\/p>\n<p><span style=\"font-size: 12pt;\">Deutsche Bank AG \/ IBAN: DE54 6707 0010 0700 4401 00 \/ BIC: DEUTDESMXXX<\/span><\/p>\n<p>[\/et_pb_text][\/et_pb_column][\/et_pb_row][et_pb_row admin_label=&#8220;Zeile&#8220;][et_pb_column type=&#8220;1_4&#8243;][\/et_pb_column][et_pb_column type=&#8220;1_2&#8243;][et_pb_cta admin_label=&#8220;Handlungsaufruf&#8220; button_url=&#8220;https:\/\/www.mannheimer-altertumsverein.de\/#verein&#8220; url_new_window=&#8220;off&#8220; button_text=&#8220;Zur\u00fcck zum Verein&#8220; use_background_color=&#8220;on&#8220; background_color=&#8220;#007d3a&#8220; background_layout=&#8220;dark&#8220; text_orientation=&#8220;center&#8220; use_border_color=&#8220;off&#8220; border_color=&#8220;#ffffff&#8220; border_style=&#8220;solid&#8220; custom_button=&#8220;off&#8220; button_letter_spacing=&#8220;0&#8243; button_use_icon=&#8220;default&#8220; button_icon_placement=&#8220;right&#8220; button_on_hover=&#8220;on&#8220; button_letter_spacing_hover=&#8220;0&#8243;] [\/et_pb_cta][\/et_pb_column][et_pb_column type=&#8220;1_4&#8243;][\/et_pb_column][\/et_pb_row][\/et_pb_section]<\/p>\n","protected":false},"excerpt":{"rendered":"<p>[et_pb_section admin_label=&#8220;section&#8220; transparent_background=&#8220;off&#8220; allow_player_pause=&#8220;off&#8220; inner_shadow=&#8220;off&#8220; parallax=&#8220;off&#8220; parallax_method=&#8220;off&#8220; make_fullwidth=&#8220;off&#8220; use_custom_width=&#8220;off&#8220; width_unit=&#8220;on&#8220; make_equal=&#8220;off&#8220; use_custom_gutter=&#8220;off&#8220; background_image=&#8220;https:\/\/www.mannheimer-altertumsverein.de\/wp-content\/uploads\/2019\/03\/MP.png&#8220;][et_pb_row admin_label=&#8220;Zeile&#8220;][et_pb_column type=&#8220;4_4&#8243;][et_pb_text admin_label=&#8220;Text&#8220; background_layout=&#8220;light&#8220; text_orientation=&#8220;left&#8220; use_border_color=&#8220;off&#8220; border_color=&#8220;#ffffff&#8220; border_style=&#8220;solid&#8220;] Spenden und ihre Verwendung Engagieren Sie sich bei Projekten des Mannheimer Altertumsvereins von 1859! Der Mannheimer Altertumsverein [\/et_pb_text][\/et_pb_column][\/et_pb_row][et_pb_row admin_label=&#8220;Zeile&#8220;][et_pb_column type=&#8220;4_4&#8243;][et_pb_text admin_label=&#8220;Text&#8220; background_layout=&#8220;light&#8220; text_orientation=&#8220;left&#8220; use_border_color=&#8220;off&#8220; border_color=&#8220;#ffffff&#8220; border_style=&#8220;solid&#8220;] &nbsp; t\u00e4tigt Ank\u00e4ufe von Objekten, wie Gem\u00e4lden, Grafiken [&hellip;]<\/p>\n","protected":false},"author":1,"featured_media":0,"parent":0,"menu_order":0,"comment_status":"closed","ping_status":"closed","template":"","meta":[],"_links":{"self":[{"href":"https:\/\/www.mannheimer-altertumsverein.de\/index.php?rest_route=\/wp\/v2\/pages\/891"}],"collection":[{"href":"https:\/\/www.mannheimer-altertumsverein.de\/index.php?rest_route=\/wp\/v2\/pages"}],"about":[{"href":"https:\/\/www.mannheimer-altertumsverein.de\/index.php?rest_route=\/wp\/v2\/types\/page"}],"author":[{"embeddable":true,"href":"https:\/\/www.mannheimer-altertumsverein.de\/index.php?rest_route=\/wp\/v2\/users\/1"}],"replies":[{"embeddable":true,"href":"https:\/\/www.mannheimer-altertumsverein.de\/index.php?rest_route=%2Fwp%2Fv2%2Fcomments&post=891"}],"version-history":[{"count":22,"href":"https:\/\/www.mannheimer-altertumsverein.de\/index.php?rest_route=\/wp\/v2\/pages\/891\/revisions"}],"predecessor-version":[{"id":957,"href":"https:\/\/www.mannheimer-altertumsverein.de\/index.php?rest_route=\/wp\/v2\/pages\/891\/revisions\/957"}],"wp:attachment":[{"href":"https:\/\/www.mannheimer-altertumsverein.de\/index.php?rest_route=%2Fwp%2Fv2%2Fmedia&parent=891"}],"curies":[{"name":"wp","href":"https:\/\/api.w.org\/{rel}","templated":true}]}}