{"id":878,"date":"2019-01-31T17:06:08","date_gmt":"2019-01-31T16:06:08","guid":{"rendered":"https:\/\/www.mannheimer-altertumsverein.de\/?page_id=878"},"modified":"2019-05-21T19:44:47","modified_gmt":"2019-05-21T17:44:47","slug":"stiftung-hoeft","status":"publish","type":"page","link":"https:\/\/www.mannheimer-altertumsverein.de\/?page_id=878","title":{"rendered":"Stiftung H\u00f6ft"},"content":{"rendered":"<p>[et_pb_section admin_label=&#8220;section&#8220; background_image=&#8220;https:\/\/www.mannheimer-altertumsverein.de\/wp-content\/uploads\/2019\/01\/PWMco3wo.jpg-2019-05-21-19-39-54.png&#8220; transparent_background=&#8220;off&#8220; allow_player_pause=&#8220;off&#8220; inner_shadow=&#8220;off&#8220; parallax=&#8220;off&#8220; parallax_method=&#8220;off&#8220; make_fullwidth=&#8220;off&#8220; use_custom_width=&#8220;off&#8220; width_unit=&#8220;on&#8220; make_equal=&#8220;off&#8220; use_custom_gutter=&#8220;off&#8220;][et_pb_row admin_label=&#8220;row&#8220;][et_pb_column type=&#8220;4_4&#8243;][et_pb_text admin_label=&#8220;Text&#8220; background_layout=&#8220;light&#8220; text_orientation=&#8220;left&#8220; use_border_color=&#8220;off&#8220; border_color=&#8220;#ffffff&#8220; border_style=&#8220;solid&#8220;]<\/p>\n<p><strong>Stiftung Brigitte und Klaus H\u00f6ft <img decoding=\"async\" loading=\"lazy\" class=\"size-medium wp-image-876 alignright\" src=\"https:\/\/www.mannheimer-altertumsverein.de\/wp-content\/uploads\/2019\/01\/BKHoeft_Stiftung_web-300x120.jpg\" alt=\"\" width=\"300\" height=\"120\" srcset=\"https:\/\/www.mannheimer-altertumsverein.de\/wp-content\/uploads\/2019\/01\/BKHoeft_Stiftung_web-300x120.jpg 300w, https:\/\/www.mannheimer-altertumsverein.de\/wp-content\/uploads\/2019\/01\/BKHoeft_Stiftung_web-768x308.jpg 768w, https:\/\/www.mannheimer-altertumsverein.de\/wp-content\/uploads\/2019\/01\/BKHoeft_Stiftung_web-1024x411.jpg 1024w, https:\/\/www.mannheimer-altertumsverein.de\/wp-content\/uploads\/2019\/01\/BKHoeft_Stiftung_web-1080x433.jpg 1080w\" sizes=\"(max-width: 300px) 100vw, 300px\" \/><br \/>\n<\/strong><\/p>\n<p><strong>Neue Stiftung f\u00fcr die Kurpfalz-Stiftung Franz Schnabel und ihre Zwecke<\/strong><\/p>\n<p>Die <strong>\u201eStiftung Brigitte und Klaus H\u00f6ft\u201c<\/strong> tr\u00e4gt den Namen des Ehepaars Brigitte und Klaus H\u00f6ft. Brigitte H\u00f6ft war seit 1961 als Diplombibliothekarin in der Stadtbibliothek Mannheim t\u00e4tig und von 1971 bis 1996 Leiterin der Musikabteilung, die sie weit \u00fcber die Stadt hinaus zu hohem Ansehen f\u00fchrte.<\/p>\n<p>&nbsp;<\/p>\n<p>Die \u201eStiftung Brigitte und Klaus H\u00f6ft\u201c wird als nicht rechtsf\u00e4hige Stiftung des B\u00fcrgerlichen Rechts in der Verwaltung des Stiftungstr\u00e4gers, der Kurpfalz-Stiftung Franz Schnabel gef\u00fchrt.<\/p>\n<p>Dem Ehepaar Brigitte und Klaus H\u00f6ft war und ist es ein Herzensanliegen, die <strong>Erforschung der Mannheimer Musikgeschichte<\/strong> zu f\u00f6rdern.<\/p>\n<p>Mit den Mitteln des Stiftungs-Verm\u00f6gens sollen <strong>Forschungsauftr\u00e4ge<\/strong> finanziert werden, die zur Gewinnung neuester wissenschaftlicher Erkenntnisse zur Mannheimer Musikgeschichte beitragen.<\/p>\n<p>Die Stiftung stellt zudem Gelder f\u00fcr den <strong>Ankauf von Objekten<\/strong> zur Mannheimer Musikgeschichte zur Verf\u00fcgung, welche die bestehenden Sammlungen des Mannheimer Altertumsvereins und der Reiss-Engelhorn-Museen sinnvoll erg\u00e4nzen und erweitern sowie neue Sammlungsfelder er\u00f6ffnen.<\/p>\n<p>Sowohl die bestehenden Sammlungsbest\u00e4nde als auch Neuerwerbungen k\u00f6nnen durch die finanzielle Unterst\u00fctzung der Stiftung in (Sonder-) <strong>Ausstellungen<\/strong> der an der Mannheimer Musikgeschichte interessierten \u00d6ffentlichkeit unter neuen Forschungsaspekten pr\u00e4sentiert werden.<\/p>\n<p>Ein weiterer Stiftungs-Zweck stellt die <strong>Herausgabe wissenschaftlicher Publikationen<\/strong> zur Mannheimer Musikgeschichte dar, die als Begleitband zu (Sonder-) Ausstellungen, als Monografien oder zu Tagungen erscheinen k\u00f6nnen.<\/p>\n<p>F\u00fcr die Sicherung und besseren Zug\u00e4nglichkeit der Objekte auf neuestem technischen Standard unterst\u00fctzt die Stiftung die <strong>Digitalisierung von Objekten<\/strong> zur Mannheimer Musikgeschichte.<\/p>\n<p>[\/et_pb_text][\/et_pb_column][\/et_pb_row][et_pb_row admin_label=&#8220;Zeile&#8220;][et_pb_column type=&#8220;1_4&#8243;][\/et_pb_column][et_pb_column type=&#8220;1_2&#8243;][et_pb_cta admin_label=&#8220;Handlungsaufruf&#8220; button_url=&#8220;https:\/\/www.mannheimer-altertumsverein.de#verein&#8220; url_new_window=&#8220;off&#8220; button_text=&#8220;Zur\u00fcck zum Verein&#8220; use_background_color=&#8220;on&#8220; background_color=&#8220;#007d3a&#8220; background_layout=&#8220;dark&#8220; text_orientation=&#8220;center&#8220; use_border_color=&#8220;off&#8220; border_color=&#8220;#ffffff&#8220; border_style=&#8220;solid&#8220; custom_button=&#8220;off&#8220; button_letter_spacing=&#8220;0&#8243; button_use_icon=&#8220;default&#8220; button_icon_placement=&#8220;right&#8220; button_on_hover=&#8220;on&#8220; button_letter_spacing_hover=&#8220;0&#8243;] [\/et_pb_cta][\/et_pb_column][et_pb_column type=&#8220;1_4&#8243;][\/et_pb_column][\/et_pb_row][\/et_pb_section]<\/p>\n","protected":false},"excerpt":{"rendered":"<p>[et_pb_section admin_label=&#8220;section&#8220; background_image=&#8220;https:\/\/www.mannheimer-altertumsverein.de\/wp-content\/uploads\/2019\/01\/PWMco3wo.jpg-2019-05-21-19-39-54.png&#8220; transparent_background=&#8220;off&#8220; allow_player_pause=&#8220;off&#8220; inner_shadow=&#8220;off&#8220; parallax=&#8220;off&#8220; parallax_method=&#8220;off&#8220; make_fullwidth=&#8220;off&#8220; use_custom_width=&#8220;off&#8220; width_unit=&#8220;on&#8220; make_equal=&#8220;off&#8220; use_custom_gutter=&#8220;off&#8220;][et_pb_row admin_label=&#8220;row&#8220;][et_pb_column type=&#8220;4_4&#8243;][et_pb_text admin_label=&#8220;Text&#8220; background_layout=&#8220;light&#8220; text_orientation=&#8220;left&#8220; use_border_color=&#8220;off&#8220; border_color=&#8220;#ffffff&#8220; border_style=&#8220;solid&#8220;] Stiftung Brigitte und Klaus H\u00f6ft Neue Stiftung f\u00fcr die Kurpfalz-Stiftung Franz Schnabel und ihre Zwecke Die \u201eStiftung Brigitte und Klaus H\u00f6ft\u201c tr\u00e4gt den Namen des Ehepaars Brigitte und Klaus H\u00f6ft. Brigitte H\u00f6ft war seit [&hellip;]<\/p>\n","protected":false},"author":1,"featured_media":0,"parent":0,"menu_order":0,"comment_status":"closed","ping_status":"closed","template":"","meta":[],"_links":{"self":[{"href":"https:\/\/www.mannheimer-altertumsverein.de\/index.php?rest_route=\/wp\/v2\/pages\/878"}],"collection":[{"href":"https:\/\/www.mannheimer-altertumsverein.de\/index.php?rest_route=\/wp\/v2\/pages"}],"about":[{"href":"https:\/\/www.mannheimer-altertumsverein.de\/index.php?rest_route=\/wp\/v2\/types\/page"}],"author":[{"embeddable":true,"href":"https:\/\/www.mannheimer-altertumsverein.de\/index.php?rest_route=\/wp\/v2\/users\/1"}],"replies":[{"embeddable":true,"href":"https:\/\/www.mannheimer-altertumsverein.de\/index.php?rest_route=%2Fwp%2Fv2%2Fcomments&post=878"}],"version-history":[{"count":3,"href":"https:\/\/www.mannheimer-altertumsverein.de\/index.php?rest_route=\/wp\/v2\/pages\/878\/revisions"}],"predecessor-version":[{"id":952,"href":"https:\/\/www.mannheimer-altertumsverein.de\/index.php?rest_route=\/wp\/v2\/pages\/878\/revisions\/952"}],"wp:attachment":[{"href":"https:\/\/www.mannheimer-altertumsverein.de\/index.php?rest_route=%2Fwp%2Fv2%2Fmedia&parent=878"}],"curies":[{"name":"wp","href":"https:\/\/api.w.org\/{rel}","templated":true}]}}