{"id":63,"date":"2017-04-16T20:54:07","date_gmt":"2017-04-16T18:54:07","guid":{"rendered":"http:\/\/www.mannheimer-altertumsverein.de\/?page_id=63"},"modified":"2019-02-07T19:07:18","modified_gmt":"2019-02-07T18:07:18","slug":"kurpfalz-stiftung-franz-schnabel","status":"publish","type":"page","link":"https:\/\/www.mannheimer-altertumsverein.de\/?page_id=63","title":{"rendered":"Kurpfalz-Stiftung Franz Schnabel"},"content":{"rendered":"<p>[et_pb_section admin_label=&#8220;section&#8220; background_image=&#8220;https:\/\/www.mannheimer-altertumsverein.de\/wp-content\/uploads\/2017\/04\/Monosnap-2017-10-02-17-45-08.png&#8220; transparent_background=&#8220;off&#8220; allow_player_pause=&#8220;off&#8220; inner_shadow=&#8220;off&#8220; parallax=&#8220;off&#8220; parallax_method=&#8220;off&#8220; make_fullwidth=&#8220;off&#8220; use_custom_width=&#8220;off&#8220; width_unit=&#8220;on&#8220; make_equal=&#8220;off&#8220; use_custom_gutter=&#8220;off&#8220;][et_pb_row admin_label=&#8220;row&#8220;][et_pb_column type=&#8220;4_4&#8243;][et_pb_text admin_label=&#8220;Text&#8220; background_layout=&#8220;light&#8220; text_orientation=&#8220;left&#8220; use_border_color=&#8220;off&#8220; border_color=&#8220;#ffffff&#8220; border_style=&#8220;solid&#8220;]<\/p>\n<p><b>Die Stiftung und ihre Zwecke<img decoding=\"async\" loading=\"lazy\" class=\"wp-image-882 alignright\" src=\"https:\/\/www.mannheimer-altertumsverein.de\/wp-content\/uploads\/2017\/04\/Monosnap-2019-02-05-17-30-29-300x105.png\" alt=\"\" width=\"240\" height=\"84\" srcset=\"https:\/\/www.mannheimer-altertumsverein.de\/wp-content\/uploads\/2017\/04\/Monosnap-2019-02-05-17-30-29-300x105.png 300w, https:\/\/www.mannheimer-altertumsverein.de\/wp-content\/uploads\/2017\/04\/Monosnap-2019-02-05-17-30-29.png 348w\" sizes=\"(max-width: 240px) 100vw, 240px\" \/><\/b><\/p>\n<p>Die Kurpfalz-Stiftung Franz Schnabel tr\u00e4gt den Namen des bedeutenden deutschen Historikers und Ehrenb\u00fcrgers unserer Stadt.<\/p>\n<p>Franz Schnabel war dem Mannheimer Altertumsverein von Jugend an eng verbunden. Er vermachte dem Verein sein Verm\u00f6gen mit der Auflage, die Ertr\u00e4ge dieses Verm\u00f6gens zur F\u00f6rderung der lokalen und regionalen Geschichtsforschung zu verwenden.<\/p>\n<p>Mit den Mitteln des Franz-Schnabel-Verm\u00f6gens gab der Verein die Reihen der <b>Mannheimer Hefte<\/b> (1952-1996) sowie die <b>Kleinen Schriften<\/b> (bis 1997) heraus. Zahlreiche Monografien, die sich mit lokalen und regionalen Pers\u00f6nlichkeiten sowie alteingesessenen Institutionen aus Mannheim und der ehemaligen Kurpfalz besch\u00e4ftigen, waren und sind nur durch die finanzielle Unterst\u00fctzung der Stiftung m\u00f6glich.<\/p>\n<p>Die traditionelle Zeitschrift der <b>Mannheimer Geschichtsbl\u00e4tter<\/b>, die von Friedrich Walter in den Jahren 1900 bis 1940 sowie von 1994 bis 2000 unter dem Titel <b>Mannheimer Geschichtsbl\u00e4tter \u2013 Neue Folge<\/b> herausgegeben wurde, erscheint seit 2006 mit zwei Ausgaben pro Jahr. Die Herausgeber, die sich aus dem Mannheimer Altertumsverein, den Reiss-Engelhorn-Museen, dem MARCHIVUM sowie dem F\u00f6rdererkreis der Reiss-Engelhorn-Museen zusammensetzen, bieten eine regional\u00fcbergreifende Plattform f\u00fcr die historische Forschung zur Mannheimer Stadtgeschichte und kurpf\u00e4lzischen Landesgeschichte und informieren gleichzeitig \u00fcber Ausstellungen und Forschungsprojekte ihrer Institutionen.<\/p>\n<p>In der Reihe der <b>Mannheimer historische Schriften<\/b> erscheinen seit 2008 vorwiegend Dissertationen junger Wissenschaftler, die in diesem Rahmen ihre Forschungsergebnisse dem Fachpublikum und historisch interessierten Laien pr\u00e4sentieren k\u00f6nnen.<\/p>\n<p>Die Stiftung stellt zudem Gelder f\u00fcr Restaurierungsma\u00dfnahmen und f\u00fcr Ank\u00e4ufe von Objekten wie Gem\u00e4lde, Grafiken oder Handschriften zur Verf\u00fcgung. Bei den Neuerwerbungen handelt es sich um gezielte Ank\u00e4ufe, welche die bereits seit den Anf\u00e4ngen des Mannheimer Altertumsvereins von 1859 stetig erweiterten Best\u00e4nde sinnvoll erg\u00e4nzen.<\/p>\n<p>F\u00fcr die Neupr\u00e4sentation der Mannheimer R\u00f6mersteine, hat der Mannheimer Altertumsverein, unterst\u00fctzt von einigen privaten F\u00f6rderern, die Reinigung und aufwendige Restaurierung der R\u00f6mersteine aus der kurf\u00fcrstlichen Sammlung Carl Theodors erm\u00f6glicht.<\/p>\n<p>Das sich seit dem Jahr 2015 im MAV-Besitz befindliche Barockportr\u00e4t mit dem Titel \u201eNicolas Maillot de la Treille\u201c (1725 \u2013 1794) zeigt den Hofkaplan und Bibliothekar unter Kurf\u00fcrst Carl Theodor um 1780. Zugeschrieben werden kann es dem am Kurpf\u00e4lzer Hof t\u00e4tigen Hofmaler Johann Wilhelm Hofnaas (1727 \u2013 1795). Das erworbene Gem\u00e4lde stellt eine ausgezeichnete Erweiterung der Sammlung von Portr\u00e4ts aus der Zeit des Kurf\u00fcrsten Carl Theodors dar.<\/p>\n<p>&nbsp;<\/p>\n<p style=\"text-align: left;\">Vorsitzender des Stiftungsvorstands\u00a0\u00a0\u00a0\u00a0\u00a0\u00a0\u00a0\u00a0\u00a0\u00a0\u00a0\u00a0\u00a0\u00a0\u00a0\u00a0\u00a0\u00a0\u00a0\u00a0\u00a0\u00a0 Vorsitzender des Stiftungsrats<\/p>\n<p style=\"text-align: left;\">Prof. Dr. Hermann Wiegand\u00a0\u00a0\u00a0\u00a0\u00a0\u00a0\u00a0\u00a0\u00a0\u00a0\u00a0\u00a0\u00a0\u00a0\u00a0\u00a0\u00a0\u00a0\u00a0\u00a0\u00a0\u00a0\u00a0\u00a0\u00a0\u00a0\u00a0\u00a0\u00a0 \u00a0\u00a0 \u00a0\u00a0\u00a0\u00a0 Prof. Dr. Wilhelm Kreutz<\/p>\n<p>[\/et_pb_text][\/et_pb_column][\/et_pb_row][et_pb_row admin_label=&#8220;Zeile&#8220;][et_pb_column type=&#8220;1_4&#8243;][\/et_pb_column][et_pb_column type=&#8220;1_2&#8243;][et_pb_cta admin_label=&#8220;Handlungsaufruf&#8220; button_url=&#8220;https:\/\/www.mannheimer-altertumsverein.de#verein&#8220; url_new_window=&#8220;off&#8220; button_text=&#8220;Zur\u00fcck zum Verein&#8220; use_background_color=&#8220;on&#8220; background_color=&#8220;#007d3a&#8220; background_layout=&#8220;dark&#8220; text_orientation=&#8220;center&#8220; use_border_color=&#8220;off&#8220; border_color=&#8220;#ffffff&#8220; border_style=&#8220;solid&#8220; custom_button=&#8220;off&#8220; button_letter_spacing=&#8220;0&#8243; button_use_icon=&#8220;default&#8220; button_icon_placement=&#8220;right&#8220; button_on_hover=&#8220;on&#8220; button_letter_spacing_hover=&#8220;0&#8243;] [\/et_pb_cta][\/et_pb_column][et_pb_column type=&#8220;1_4&#8243;][\/et_pb_column][\/et_pb_row][\/et_pb_section]<\/p>\n","protected":false},"excerpt":{"rendered":"<p>[et_pb_section admin_label=&#8220;section&#8220; background_image=&#8220;https:\/\/www.mannheimer-altertumsverein.de\/wp-content\/uploads\/2017\/04\/Monosnap-2017-10-02-17-45-08.png&#8220; transparent_background=&#8220;off&#8220; allow_player_pause=&#8220;off&#8220; inner_shadow=&#8220;off&#8220; parallax=&#8220;off&#8220; parallax_method=&#8220;off&#8220; make_fullwidth=&#8220;off&#8220; use_custom_width=&#8220;off&#8220; width_unit=&#8220;on&#8220; make_equal=&#8220;off&#8220; use_custom_gutter=&#8220;off&#8220;][et_pb_row admin_label=&#8220;row&#8220;][et_pb_column type=&#8220;4_4&#8243;][et_pb_text admin_label=&#8220;Text&#8220; background_layout=&#8220;light&#8220; text_orientation=&#8220;left&#8220; use_border_color=&#8220;off&#8220; border_color=&#8220;#ffffff&#8220; border_style=&#8220;solid&#8220;] Die Stiftung und ihre Zwecke Die Kurpfalz-Stiftung Franz Schnabel tr\u00e4gt den Namen des bedeutenden deutschen Historikers und Ehrenb\u00fcrgers unserer Stadt. Franz Schnabel war dem Mannheimer Altertumsverein von Jugend an eng verbunden. Er vermachte dem [&hellip;]<\/p>\n","protected":false},"author":1,"featured_media":0,"parent":0,"menu_order":0,"comment_status":"closed","ping_status":"closed","template":"","meta":[],"_links":{"self":[{"href":"https:\/\/www.mannheimer-altertumsverein.de\/index.php?rest_route=\/wp\/v2\/pages\/63"}],"collection":[{"href":"https:\/\/www.mannheimer-altertumsverein.de\/index.php?rest_route=\/wp\/v2\/pages"}],"about":[{"href":"https:\/\/www.mannheimer-altertumsverein.de\/index.php?rest_route=\/wp\/v2\/types\/page"}],"author":[{"embeddable":true,"href":"https:\/\/www.mannheimer-altertumsverein.de\/index.php?rest_route=\/wp\/v2\/users\/1"}],"replies":[{"embeddable":true,"href":"https:\/\/www.mannheimer-altertumsverein.de\/index.php?rest_route=%2Fwp%2Fv2%2Fcomments&post=63"}],"version-history":[{"count":12,"href":"https:\/\/www.mannheimer-altertumsverein.de\/index.php?rest_route=\/wp\/v2\/pages\/63\/revisions"}],"predecessor-version":[{"id":889,"href":"https:\/\/www.mannheimer-altertumsverein.de\/index.php?rest_route=\/wp\/v2\/pages\/63\/revisions\/889"}],"wp:attachment":[{"href":"https:\/\/www.mannheimer-altertumsverein.de\/index.php?rest_route=%2Fwp%2Fv2%2Fmedia&parent=63"}],"curies":[{"name":"wp","href":"https:\/\/api.w.org\/{rel}","templated":true}]}}