{"id":1808,"date":"2022-02-17T16:25:46","date_gmt":"2022-02-17T15:25:46","guid":{"rendered":"https:\/\/www.mannheimer-altertumsverein.de\/?page_id=1808"},"modified":"2023-09-18T12:42:47","modified_gmt":"2023-09-18T10:42:47","slug":"karmen","status":"publish","type":"page","link":"https:\/\/www.mannheimer-altertumsverein.de\/?page_id=1808","title":{"rendered":"Karmen"},"content":{"rendered":"<p>[et_pb_section background_image=&#8220;https:\/\/www.mannheimer-altertumsverein.de\/wp-content\/uploads\/2017\/04\/Monosnap-2017-10-02-17-45-08.png&#8220; transparent_background=&#8220;off&#8220; allow_player_pause=&#8220;off&#8220; inner_shadow=&#8220;off&#8220; parallax=&#8220;off&#8220; parallax_method=&#8220;off&#8220; make_fullwidth=&#8220;off&#8220; use_custom_width=&#8220;off&#8220; width_unit=&#8220;on&#8220; custom_width_px=&#8220;1080px&#8220; custom_width_percent=&#8220;80%&#8220; make_equal=&#8220;off&#8220; use_custom_gutter=&#8220;off&#8220; fullwidth=&#8220;off&#8220; specialty=&#8220;off&#8220; admin_label=&#8220;section&#8220; disabled=&#8220;off&#8220;][et_pb_row make_fullwidth=&#8220;off&#8220; use_custom_width=&#8220;off&#8220; width_unit=&#8220;off&#8220; custom_width_px=&#8220;1080px&#8220; custom_width_percent=&#8220;80%&#8220; use_custom_gutter=&#8220;off&#8220; gutter_width=&#8220;3&#8243; allow_player_pause=&#8220;off&#8220; parallax=&#8220;off&#8220; parallax_method=&#8220;on&#8220; make_equal=&#8220;off&#8220; parallax_1=&#8220;off&#8220; parallax_method_1=&#8220;on&#8220; parallax_2=&#8220;off&#8220; parallax_method_2=&#8220;on&#8220; parallax_3=&#8220;off&#8220; parallax_method_3=&#8220;on&#8220; parallax_4=&#8220;off&#8220; parallax_method_4=&#8220;on&#8220; admin_label=&#8220;row&#8220; disabled=&#8220;off&#8220;][et_pb_column type=&#8220;4_4&#8243; disabled=&#8220;off&#8220; parallax=&#8220;off&#8220; parallax_method=&#8220;on&#8220;][et_pb_text background_layout=&#8220;light&#8220; text_orientation=&#8220;left&#8220; admin_label=&#8220;Text&#8220; use_border_color=&#8220;off&#8220; border_style=&#8220;solid&#8220; disabled=&#8220;off&#8220;]<a href=\"wp-content\/uploads\/2023\/09\/Programm-KARMEN-2023.pdf\"><strong>Programm KARMEN 2023<\/strong><\/a><\/p>\n<p><strong><\/strong><\/p>\n<p><strong>KARMEN (Kolloquium zur Arch\u00e4ologie der R\u00f6mischen Kaiserzeit, des Mittelalters und der Neuzeit)<\/strong><\/p>\n<p>Das Kolloquium soll allj\u00e4hrlich Anfang November in den Reiss-Engelhorn-Museen stattfinden. Arch\u00e4ologinnen und Arch\u00e4ologen aus ganz Deutschland pr\u00e4sentieren Ergebnisse von aktuellen Ausgrabungs- und Auswertungsprojekten. Jungen Kolleginnen und Kollegen bietet das Kolloquium die Gelegenheit, Forschungsergebnisse aus ihren k\u00fcrzlich erschienenen Abschlussarbeiten einem gr\u00f6\u00dferen (Fach-)Publikum vorzustellen.<\/p>\n<p>Das Vortragsprogramm finden Sie stets ab Oktober an dieser Stelle.<\/p>\n<p>Bei Interesse wenden Sie sich gerne per E-Mail (<a href=\"mailto:mav@mannheim.de\">mav@mannheim.de<\/a>) an die Gesch\u00e4ftsstelle des Mannheimer Altertumsvereins.<\/p>\n<p><strong>Die Geschichte des AFAKOL (Kolloquium der Arbeitsgemeinschaft Fr\u00fchgeschichtliche Arch\u00e4ologie)<\/strong><\/p>\n<p>Am 23. Januar 1987 traf sich bei Alfried Wieczorek im Heidelberger Wissenschaftsforum eine kleine Arbeitsgemeinschaft, die sich der sp\u00e4tantiken bis fr\u00fchmittelalterlichen Keramikproduktion am n\u00f6rdlichen Oberrhein, sp\u00e4ter in den Rheinlanden widmete.<\/p>\n<p>\u00a0<br \/>\nVom 20. Kolloquium an wurde die Arbeitsgemeinschaft vom Mannheimer Altertumsverein von 1859 sowie den Arch\u00e4ologischen Sammlungen im Reiss-Museum eingeladen. Bis 1997 stellte Alfried Wieczorek das Programm zusammen.<\/p>\n<p>\u00a0<br \/>\nVon 1997 bis 2017 gestaltete Ursula Koch die Kolloquien. Mannheim wurde zu einem Treffpunkt in der Fr\u00fchmittelalterarch\u00e4ologie, viele junge Arch\u00e4ologen\/innen hielten hier ihren ersten Vortrag. Vom 109. Kolloquium im November 2017 an setzte Klaus Wirth, Leiter der Arch\u00e4ologischen Denkmalpflege an den Reiss-Engelhorn-Museen, neue Schwerpunkte. 2022 l\u00f6st er mit KARMEN (Kolloquium zur Arch\u00e4ologie der R\u00f6mischen Kaiserzeit, des Mittelalters und der Neuzeit) das AFAKOL ab.<\/p>\n<p>In Mannheim schlossen die Kolloquien stets mit einem \u00f6ffentlichen Abendvortrag des Mannheimer Altertumsvereins. Im November 2002 erreichte das 66. Kolloquium mit Vortr\u00e4gen zu Frauentracht und Frauengr\u00e4ber des 6.\/7. Jahrhunderts mit 94 Teilnehmern die h\u00f6chste Frequenz. Seit Juni 2004 gingen die Zahlen der Teilnehmenden vor allem aus dem Kreis der Studierenden auffallend zur\u00fcck.<\/p>\n<p>Von 1987 bis 2021 wurden 424 Vortr\u00e4ge gehalten. \u00dcberwiegend galten sie der Merowingerzeit, Interesse fanden auch die Sp\u00e4tantike sowie Themen der Karolinger- und Wikingerzeit. Der fr\u00fchmittelalterlichen Quellenlage entsprechend bildeten Gr\u00e4ber bzw. Gr\u00e4berfelder und Grabfunde deutliche Schwerpunkte. Die Keramik, mit der alles begann, stand bei einem Drittel der Vortr\u00e4ge im Mittelpunkt.<\/p>\n<p>\u00a0<\/p>\n<p>Ursula Koch ist Fr\u00fchmittelalterarch\u00e4ologin und nahm schon am ersten Treffen der Arbeitsgemeinschaft teil. Zur Frankenausstellung 1996 kam sie nach Mannheim ans Reiss-Museum. Ab 2004 leitete sie die Forschungsstelle Fr\u00fchgeschichte am Curt-Engelhorn-Zentrum und widmete sich den fr\u00fchmittelalterlichen Grabfunden vom n\u00f6rdlichen Oberrhein und der Rhein-Neckar-Region. Der Mannheimer Altertumsverein hat in der Reihe der Sonderver\u00f6ffentlichungen der Mannheimer Geschichtsbl\u00e4tter in zahlreichen B\u00e4nden die Forschungsergebnisse von Ursula Koch publiziert.[\/et_pb_text][\/et_pb_column][\/et_pb_row][et_pb_row make_fullwidth=&#8220;off&#8220; use_custom_width=&#8220;off&#8220; width_unit=&#8220;off&#8220; custom_width_px=&#8220;1080px&#8220; custom_width_percent=&#8220;80%&#8220; use_custom_gutter=&#8220;off&#8220; gutter_width=&#8220;3&#8243; allow_player_pause=&#8220;off&#8220; parallax=&#8220;off&#8220; parallax_method=&#8220;on&#8220; make_equal=&#8220;off&#8220; parallax_1=&#8220;off&#8220; parallax_method_1=&#8220;on&#8220; parallax_2=&#8220;off&#8220; parallax_method_2=&#8220;on&#8220; parallax_3=&#8220;off&#8220; parallax_method_3=&#8220;on&#8220; parallax_4=&#8220;off&#8220; parallax_method_4=&#8220;on&#8220; admin_label=&#8220;row&#8220; disabled=&#8220;off&#8220;][et_pb_column type=&#8220;4_4&#8243; disabled=&#8220;off&#8220; parallax=&#8220;off&#8220; parallax_method=&#8220;on&#8220;][et_pb_text background_layout=&#8220;light&#8220; text_orientation=&#8220;left&#8220; admin_label=&#8220;Text&#8220; use_border_color=&#8220;off&#8220; border_style=&#8220;solid&#8220; disabled=&#8220;off&#8220;]<\/p>\n<p><strong>Programm KARMEN 2023<\/strong><\/p>\n<p><strong><\/strong><\/p>\n<p><a href=\"https:\/\/www.mannheimer-altertumsverein.de\/?page_id=1808\" target=\"_blank\" rel=\"noopener noreferrer\"><img decoding=\"async\" loading=\"lazy\" class=\"alignleft wp-image-1847\" src=\"https:\/\/www.mannheimer-altertumsverein.de\/wp-content\/uploads\/2023\/09\/Programm-KARMEN-2023.pdf\" alt=\"\" width=\"331\" height=\"233\" \/><\/a><\/p>\n<p><strong><\/strong><\/p>\n<p><strong><\/strong><\/p>\n<p><strong>KARMEN (Kolloquium zur Arch\u00e4ologie der R\u00f6mischen Kaiserzeit, des Mittelalters und der Neuzeit)<\/strong><\/p>\n<p>\u00a0<\/p>\n<p>Das Kolloquium soll allj\u00e4hrlich Anfang November in den Reiss-Engelhorn-Museen stattfinden. Arch\u00e4ologinnen und Arch\u00e4ologen aus ganz Deutschland pr\u00e4sentieren Ergebnisse von aktuellen Ausgrabungs- und Auswertungsprojekten. Jungen Kolleginnen und Kollegen bietet das Kolloquium die Gelegenheit, Forschungsergebnisse aus ihren k\u00fcrzlich erschienenen Abschlussarbeiten einem gr\u00f6\u00dferen (Fach-)Publikum vorzustellen.<\/p>\n<p>\u00a0<\/p>\n<p>Das Vortragsprogramm finden Sie stets ab Oktober an dieser Stelle.<\/p>\n<p>\u00a0<\/p>\n<p>Bei Interesse wenden Sie sich gerne per E-Mail (<a href=\"mailto:mav@mannheim.de\">mav@mannheim.de<\/a> verlinken) an die Gesch\u00e4ftsstelle des Mannheimer Altertumsvereins.<\/p>\n<p>\u00a0<\/p>\n<p>\u00a0<\/p>\n<p><strong>Die Geschichte des AFAKOL (Kolloquium der Arbeitsgemeinschaft Fr\u00fchgeschichtliche Arch\u00e4ologie)<\/strong><\/p>\n<p>\u00a0<\/p>\n<p>Am 23. Januar 1987 traf sich bei Alfried Wieczorek im Heidelberger Wissenschaftsforum eine kleine Arbeitsgemeinschaft, die sich der sp\u00e4tantiken bis fr\u00fchmittelalterlichen Keramikproduktion am n\u00f6rdlichen Oberrhein, sp\u00e4ter in den Rheinlanden widmete.<\/p>\n<p>Vom 20. Kolloquium an wurde die Arbeitsgemeinschaft vom Mannheimer Altertumsverein von 1859 sowie den Arch\u00e4ologischen Sammlungen im Reiss-Museum eingeladen. Bis 1997 stellte Alfried Wieczorek das Programm zusammen.<\/p>\n<p>Von 1997 bis 2017 gestaltete Ursula Koch die Kolloquien. Mannheim wurde zu einem Treffpunkt in der Fr\u00fchmittelalterarch\u00e4ologie, viele junge Arch\u00e4ologen\/innen hielten hier ihren ersten Vortrag. Vom 109. Kolloquium im November 2017 an setzte Klaus Wirth, Leiter der Arch\u00e4ologischen Denkmalpflege an den Reiss-Engelhorn-Museen, neue Schwerpunkte. 2022 l\u00f6st er mit KARMEN (Kolloquium zur Arch\u00e4ologie der R\u00f6mischen Kaiserzeit, des Mittelalters und der Neuzeit) das AFAKOL ab.<\/p>\n<p>\u00a0<\/p>\n<p>In Mannheim schlossen die Kolloquien stets mit einem \u00f6ffentlichen Abendvortrag des Mannheimer Altertumsvereins. Im November 2002 erreichte das 66. Kolloquium mit Vortr\u00e4gen zu Frauentracht und Frauengr\u00e4ber des 6.\/7. Jahrhunderts mit 94 Teilnehmern die h\u00f6chste Frequenz. Seit Juni 2004 gingen die Zahlen der Teilnehmenden vor allem aus dem Kreis der Studierenden auffallend zur\u00fcck.<\/p>\n<p>Von 1987 bis 2021 wurden 424 Vortr\u00e4ge gehalten. \u00dcberwiegend galten sie der Merowingerzeit, Interesse fanden auch die Sp\u00e4tantike sowie Themen der Karolinger- und Wikingerzeit. Der fr\u00fchmittelalterlichen Quellenlage entsprechend bildeten Gr\u00e4ber bzw. Gr\u00e4berfelder und Grabfunde deutliche Schwerpunkte. Die Keramik, mit der alles begann, stand bei einem Drittel der Vortr\u00e4ge im Mittelpunkt.<\/p>\n<p>\u00a0<\/p>\n<p>Ursula Koch ist Fr\u00fchmittelalterarch\u00e4ologin und nahm schon am ersten Treffen der Arbeitsgemeinschaft teil. Zur Frankenausstellung 1996 kam sie nach Mannheim ans Reiss-Museum. Ab 2004 leitete sie die Forschungsstelle Fr\u00fchgeschichte am Curt-Engelhorn-Zentrum und widmete sich den fr\u00fchmittelalterlichen Grabfunden vom n\u00f6rdlichen Oberrhein und der Rhein-Neckar-Region. Der Mannheimer Altertumsverein hat in der Reihe der Sonderver\u00f6ffentlichungen der Mannheimer Geschichtsbl\u00e4tter in zahlreichen B\u00e4nden die Forschungsergebnisse von Ursula Koch publiziert.<\/p>\n<p>[\/et_pb_text][\/et_pb_column][\/et_pb_row][et_pb_row make_fullwidth=&#8220;off&#8220; use_custom_width=&#8220;off&#8220; width_unit=&#8220;off&#8220; custom_width_px=&#8220;1080px&#8220; custom_width_percent=&#8220;80%&#8220; use_custom_gutter=&#8220;off&#8220; gutter_width=&#8220;3&#8243; allow_player_pause=&#8220;off&#8220; parallax=&#8220;off&#8220; parallax_method=&#8220;on&#8220; make_equal=&#8220;off&#8220; parallax_1=&#8220;off&#8220; parallax_method_1=&#8220;on&#8220; parallax_2=&#8220;off&#8220; parallax_method_2=&#8220;on&#8220; parallax_3=&#8220;off&#8220; parallax_method_3=&#8220;on&#8220; parallax_4=&#8220;off&#8220; parallax_method_4=&#8220;on&#8220; admin_label=&#8220;Zeile&#8220; disabled=&#8220;off&#8220;][et_pb_column type=&#8220;1_4&#8243; disabled=&#8220;off&#8220; parallax=&#8220;off&#8220; parallax_method=&#8220;on&#8220;][\/et_pb_column][et_pb_column type=&#8220;1_2&#8243; disabled=&#8220;off&#8220; parallax=&#8220;off&#8220; parallax_method=&#8220;on&#8220;][et_pb_cta button_url=&#8220;https:\/\/www.mannheimer-altertumsverein.de#verein&#8220; url_new_window=&#8220;off&#8220; button_text=&#8220;Zur\u00fcck zum Verein&#8220; use_background_color=&#8220;on&#8220; background_color=&#8220;#007d3a&#8220; background_layout=&#8220;dark&#8220; text_orientation=&#8220;center&#8220; admin_label=&#8220;Handlungsaufruf&#8220; use_border_color=&#8220;off&#8220; border_color=&#8220;#ffffff&#8220; border_width=&#8220;1px&#8220; border_style=&#8220;solid&#8220; custom_button=&#8220;off&#8220; button_text_size=&#8220;20&#8243; button_letter_spacing=&#8220;0&#8243; button_use_icon=&#8220;default&#8220; button_icon_placement=&#8220;right&#8220; button_on_hover=&#8220;on&#8220; button_letter_spacing_hover=&#8220;0&#8243; disabled=&#8220;off&#8220;] [\/et_pb_cta][\/et_pb_column][et_pb_column type=&#8220;1_4&#8243; disabled=&#8220;off&#8220; parallax=&#8220;off&#8220; parallax_method=&#8220;on&#8220;][\/et_pb_column][\/et_pb_row][\/et_pb_section]<\/p>\n","protected":false},"excerpt":{"rendered":"<p>[et_pb_section background_image=&#8220;https:\/\/www.mannheimer-altertumsverein.de\/wp-content\/uploads\/2017\/04\/Monosnap-2017-10-02-17-45-08.png&#8220; transparent_background=&#8220;off&#8220; allow_player_pause=&#8220;off&#8220; inner_shadow=&#8220;off&#8220; parallax=&#8220;off&#8220; parallax_method=&#8220;off&#8220; make_fullwidth=&#8220;off&#8220; use_custom_width=&#8220;off&#8220; width_unit=&#8220;on&#8220; custom_width_px=&#8220;1080px&#8220; custom_width_percent=&#8220;80%&#8220; make_equal=&#8220;off&#8220; use_custom_gutter=&#8220;off&#8220; fullwidth=&#8220;off&#8220; specialty=&#8220;off&#8220; admin_label=&#8220;section&#8220; disabled=&#8220;off&#8220;][et_pb_row make_fullwidth=&#8220;off&#8220; use_custom_width=&#8220;off&#8220; width_unit=&#8220;off&#8220; custom_width_px=&#8220;1080px&#8220; custom_width_percent=&#8220;80%&#8220; use_custom_gutter=&#8220;off&#8220; gutter_width=&#8220;3&#8243; allow_player_pause=&#8220;off&#8220; parallax=&#8220;off&#8220; parallax_method=&#8220;on&#8220; make_equal=&#8220;off&#8220; parallax_1=&#8220;off&#8220; parallax_method_1=&#8220;on&#8220; parallax_2=&#8220;off&#8220; parallax_method_2=&#8220;on&#8220; parallax_3=&#8220;off&#8220; parallax_method_3=&#8220;on&#8220; parallax_4=&#8220;off&#8220; parallax_method_4=&#8220;on&#8220; admin_label=&#8220;row&#8220; disabled=&#8220;off&#8220;][et_pb_column type=&#8220;4_4&#8243; disabled=&#8220;off&#8220; parallax=&#8220;off&#8220; parallax_method=&#8220;on&#8220;][et_pb_text background_layout=&#8220;light&#8220; text_orientation=&#8220;left&#8220; admin_label=&#8220;Text&#8220; use_border_color=&#8220;off&#8220; border_style=&#8220;solid&#8220; disabled=&#8220;off&#8220;]Programm KARMEN 2023 KARMEN (Kolloquium zur Arch\u00e4ologie [&hellip;]<\/p>\n","protected":false},"author":1,"featured_media":0,"parent":0,"menu_order":0,"comment_status":"closed","ping_status":"closed","template":"","meta":[],"_links":{"self":[{"href":"https:\/\/www.mannheimer-altertumsverein.de\/index.php?rest_route=\/wp\/v2\/pages\/1808"}],"collection":[{"href":"https:\/\/www.mannheimer-altertumsverein.de\/index.php?rest_route=\/wp\/v2\/pages"}],"about":[{"href":"https:\/\/www.mannheimer-altertumsverein.de\/index.php?rest_route=\/wp\/v2\/types\/page"}],"author":[{"embeddable":true,"href":"https:\/\/www.mannheimer-altertumsverein.de\/index.php?rest_route=\/wp\/v2\/users\/1"}],"replies":[{"embeddable":true,"href":"https:\/\/www.mannheimer-altertumsverein.de\/index.php?rest_route=%2Fwp%2Fv2%2Fcomments&post=1808"}],"version-history":[{"count":12,"href":"https:\/\/www.mannheimer-altertumsverein.de\/index.php?rest_route=\/wp\/v2\/pages\/1808\/revisions"}],"predecessor-version":[{"id":2316,"href":"https:\/\/www.mannheimer-altertumsverein.de\/index.php?rest_route=\/wp\/v2\/pages\/1808\/revisions\/2316"}],"wp:attachment":[{"href":"https:\/\/www.mannheimer-altertumsverein.de\/index.php?rest_route=%2Fwp%2Fv2%2Fmedia&parent=1808"}],"curies":[{"name":"wp","href":"https:\/\/api.w.org\/{rel}","templated":true}]}}