{"id":1038,"date":"2019-09-26T17:17:15","date_gmt":"2019-09-26T15:17:15","guid":{"rendered":"https:\/\/www.mannheimer-altertumsverein.de\/?page_id=1038"},"modified":"2023-06-26T09:46:38","modified_gmt":"2023-06-26T07:46:38","slug":"nachwuchsarbeitskreis","status":"publish","type":"page","link":"https:\/\/www.mannheimer-altertumsverein.de\/?page_id=1038","title":{"rendered":"Junge Regionalforschung"},"content":{"rendered":"<p>[et_pb_section background_image=&#8220;https:\/\/www.mannheimer-altertumsverein.de\/wp-content\/uploads\/2019\/03\/MP.png&#8220; transparent_background=&#8220;off&#8220; allow_player_pause=&#8220;off&#8220; inner_shadow=&#8220;off&#8220; parallax=&#8220;off&#8220; parallax_method=&#8220;off&#8220; make_fullwidth=&#8220;off&#8220; use_custom_width=&#8220;off&#8220; width_unit=&#8220;on&#8220; custom_width_px=&#8220;1080px&#8220; custom_width_percent=&#8220;80%&#8220; make_equal=&#8220;off&#8220; use_custom_gutter=&#8220;off&#8220; fullwidth=&#8220;off&#8220; specialty=&#8220;off&#8220; admin_label=&#8220;section&#8220; disabled=&#8220;off&#8220;][et_pb_row make_fullwidth=&#8220;off&#8220; use_custom_width=&#8220;off&#8220; width_unit=&#8220;off&#8220; custom_width_px=&#8220;1080px&#8220; custom_width_percent=&#8220;80%&#8220; use_custom_gutter=&#8220;off&#8220; gutter_width=&#8220;3&#8243; allow_player_pause=&#8220;off&#8220; parallax=&#8220;off&#8220; parallax_method=&#8220;on&#8220; make_equal=&#8220;off&#8220; parallax_1=&#8220;off&#8220; parallax_method_1=&#8220;on&#8220; parallax_2=&#8220;off&#8220; parallax_method_2=&#8220;on&#8220; parallax_3=&#8220;off&#8220; parallax_method_3=&#8220;on&#8220; parallax_4=&#8220;off&#8220; parallax_method_4=&#8220;on&#8220; admin_label=&#8220;Zeile&#8220; disabled=&#8220;off&#8220;][et_pb_column type=&#8220;4_4&#8243; disabled=&#8220;off&#8220; parallax=&#8220;off&#8220; parallax_method=&#8220;on&#8220;][et_pb_text background_layout=&#8220;light&#8220; text_orientation=&#8220;left&#8220; admin_label=&#8220;Text&#8220; use_border_color=&#8220;off&#8220; border_style=&#8220;solid&#8220; disabled=&#8220;off&#8220;]<\/p>\n<p><strong>\u201eJunge Regionalforschung\u201c<img decoding=\"async\" loading=\"lazy\" class=\"alignright wp-image-1578\" src=\"https:\/\/www.mannheimer-altertumsverein.de\/wp-content\/uploads\/2021\/05\/Junge_Regionalforschung_LOGO_sRGB_Digital-300x93.png\" alt=\"\" width=\"348\" height=\"108\" srcset=\"https:\/\/www.mannheimer-altertumsverein.de\/wp-content\/uploads\/2021\/05\/Junge_Regionalforschung_LOGO_sRGB_Digital-300x93.png 300w, https:\/\/www.mannheimer-altertumsverein.de\/wp-content\/uploads\/2021\/05\/Junge_Regionalforschung_LOGO_sRGB_Digital-768x239.png 768w, https:\/\/www.mannheimer-altertumsverein.de\/wp-content\/uploads\/2021\/05\/Junge_Regionalforschung_LOGO_sRGB_Digital-1024x318.png 1024w, https:\/\/www.mannheimer-altertumsverein.de\/wp-content\/uploads\/2021\/05\/Junge_Regionalforschung_LOGO_sRGB_Digital-1080x336.png 1080w\" sizes=\"(max-width: 348px) 100vw, 348px\" \/><\/strong><\/p>\n<p>des Mannheimer Altertumsvereins von 1859 und des Historischen Instituts der Universit\u00e4t Mannheim (Lehrstuhl Prof. Dr. Hiram K\u00fcmper) in Zusammenarbeit mit den Reiss-Engelhorn-Museen<\/p>\n<p>\u00a0<\/p>\n<p>Im Nachwuchsarbeitskreis \u201eJunge Regionalforschung\u201c haben <strong>Studierende und DoktorandInnen der Geschichtswissenschaften, Volont\u00e4rInnen und andere Nachwuchskr\u00e4fte aus dem Kulturbereich<\/strong> in regelm\u00e4\u00dfigen selbstorganisierten Treffen die Gelegenheit, sich \u00fcber ihre <strong>wissenschaftlichen Arbeitsthemen zur Stadt- und Regionalgeschichte<\/strong> auszutauschen sowie neue Ans\u00e4tze, Ideen und gemeinsame Projekte zu entwickeln.<\/p>\n<p>Die Treffen des Arbeitskreises finden an der Universit\u00e4t Mannheim statt.<\/p>\n<p>Im Austausch mit Wissenschaftlerinnen und Wissenschaftlern der Reiss-Engelhorn-Museen haben die Arbeitskreismitglieder die M\u00f6glichkeit, Zugang zu den Sammlungen des Mannheimer Altertumsvereins oder zu anderen, regionalbezogenen Sammlungen zu erhalten. Auf diese Weise k\u00f6nnen bislang unerschlossene Sammlungsbest\u00e4nde von Themen zur Geschichte der Stadt Mannheim und der Region der ehemaligen Kurpfalz in den Reiss-Engelhorn-Museen unter fachlicher Betreuung nach neuesten wissenschaftlichen Erkenntnissen im Rahmen von Bachelor-, Masterarbeiten oder Dissertationen aufgearbeitet werden.<\/p>\n<p>Die Publikation von Forschungsergebnisse ist sowohl in den \u201eMannheimer Geschichtsbl\u00e4ttern\u201c als auch bei herausragenden Dissertationen in der Reihe der \u201eMannheimer historischen Schriften\u201c m\u00f6glich.<\/p>\n<p>Der Mannheimer Altertumsverein unterst\u00fctzt die jungen Wissenschaftlerinnen und Wissenschaftler durch die Finanzierung eines j\u00e4hrlich stattfindenden Kolloquiums zu lokal- und regionalgeschichtlichen Themen der Metropolregion sowie der ehemaligen Kurpfalz.<\/p>\n<p>[\/et_pb_text][\/et_pb_column][\/et_pb_row][et_pb_row make_fullwidth=&#8220;off&#8220; use_custom_width=&#8220;off&#8220; width_unit=&#8220;off&#8220; custom_width_px=&#8220;1080px&#8220; custom_width_percent=&#8220;80%&#8220; use_custom_gutter=&#8220;off&#8220; gutter_width=&#8220;3&#8243; allow_player_pause=&#8220;off&#8220; parallax=&#8220;off&#8220; parallax_method=&#8220;on&#8220; make_equal=&#8220;off&#8220; parallax_1=&#8220;off&#8220; parallax_method_1=&#8220;on&#8220; parallax_2=&#8220;off&#8220; parallax_method_2=&#8220;on&#8220; parallax_3=&#8220;off&#8220; parallax_method_3=&#8220;on&#8220; parallax_4=&#8220;off&#8220; parallax_method_4=&#8220;on&#8220; disabled=&#8220;off&#8220;][et_pb_column type=&#8220;4_4&#8243; disabled=&#8220;off&#8220; parallax=&#8220;off&#8220; parallax_method=&#8220;on&#8220;][et_pb_accordion use_border_color=&#8220;off&#8220; border_color=&#8220;#ffffff&#8220; border_width=&#8220;1px&#8220; border_style=&#8220;solid&#8220; disabled=&#8220;off&#8220;][et_pb_accordion_item title=&#8220;1. Tagung des Arbeitskreises Junge Regionalforschung&#8220; open=&#8220;on&#8220; use_border_color=&#8220;off&#8220; border_color=&#8220;#ffffff&#8220; border_width=&#8220;1px&#8220; border_style=&#8220;solid&#8220; disabled=&#8220;off&#8220;]<\/p>\n<p>17. M\u00e4rz 2021 <strong>\u201eRan an die Quellen!\u201c<\/strong><\/p>\n<p>In zwei Bl\u00f6cken konnte dabei jeweils aus 3 Workshops mit unterschiedlichen epochalen Schwerpunkten ausgew\u00e4hlt werden. Im ersten Block konnten Einblicke in mittelalterliche Fechtb\u00fccher (Nick Kraus) gegeben, Alltagsgeschichte aus sp\u00e4tmittelalterlichem Rechnungsschriftgut (Lena Liznerski) rekonstruiert oder propagandistisches Agieren der Briten und Deutschen im Ersten Weltkrieg (Daniel Reinemuth) analysiert werden.<\/p>\n<p>Im zweiten Block konnten die Teilnehmenden anhand von Feldpost aus Frankreich 1870\/71 den Prozess von der Rohtranskription zur Edition (Kira Kessler) nachvollziehen oder die Quellenart der Oberamtsprotokolle in ihrer Rolle f\u00fcr die regionale Geschichte intensiv erarbeiten (Mirjam Fischer). Anhand nationalsozialistischer Quellen konnte das Leben zwischen Alltag und Vernichtungskrieg in seiner Vielfalt erarbeitet werden (Maike Samba\u00df).<\/p>\n<p>[\/et_pb_accordion_item][et_pb_accordion_item title=&#8220;2. Tagung des Arbeitskreises Junge Regionalforschung&#8220;]<\/p>\n<p>24. M&auml;rz 2022 <strong>&bdquo;<\/strong><strong>Erinnern in Mannheim&ldquo;<\/strong><\/p>\n<p>Sara Anil und Dr. Thomas Throckmorton stellten die neue stadtgeschichtliche Dauerausstellung &bdquo;Typisch Mannheim!&ldquo; des MARCHIVUM vor und beleuchteten deren Konzeption und Bedeutung f&uuml;r die Erinnerungskultur Mannheims. Jonathan Trautmann, Philip Meder und Shilan Dewitz pr&auml;sentierten die Arbeit des Vereins Ludwigshafen setzt Stolpersteine e.V.<\/p>\n<p>Kira Ke&szlig;ler gab unter dem Titel &bdquo;Virtuell ausstellen, aber wof&uuml;r?&ldquo; Einblicke in die digitale Ausstellungspraxis. Im Workshop &bdquo;Geschichte inklusiv&ldquo; ging Maike Samba&szlig; der Frage nach, wie man Erinnerungen barrierefrei(er) vermitteln kann. Rebekka Reinhuber nahm Chancen und Risiken spielerischer Vermittlungstools im Geschichtsunterricht im Workshop &bdquo;Homo ludens&ldquo; unter die Lupe.<\/p>\n<p>Im Abendvortrag pr&auml;sentierte Dr. Maren Gottschalk den Menschen hinter dem Mythos: &bdquo;Sophie Scholl: Heldin oder Heilige? Wer verbirgt sich hinter der Ikone des Widerstands<\/p>\n<p>[\/et_pb_accordion_item][et_pb_accordion_item title=&#8220;3. Tagung des Arbeitskreises Junge Regionalforschung&#8220;]<\/p>\n<p>2. \/ 3. Mai 2023 <strong>&bdquo;Geschichte der Nachhaltigkeit &ndash; Nachhaltige Geschichte&ldquo;<\/strong><\/p>\n<p>&nbsp;<\/p>\n<p>Im Mittelpunkt stand einerseits Nachhaltigkeit in der Geschichte, andererseits Nachhaltigkeit in der Geschichtswissenschaft. Wie nachhaltig handelten Menschen in der Vergangenheit? Was k&ouml;nnen wir daraus lernen? Und wie k&ouml;nnen wir in Studium und Forschung das Thema &bdquo;Nachhaltigkeit&ldquo; integrieren?<\/p>\n<p>Nach einem Impulsvortrag und einer anschlie&szlig;enden Diskussionsrunde hatten die Teilnehmer*innen die Wahl zwischen den folgenden Workshops: Nachhaltiger Umgang mit Quellen und Forschungsdaten (Lena Liznerski) und Nachhaltig(keit) unterrichten (Rebekka Reinhuber).<\/p>\n<p>Der Abendvortrag von Prof. Dr. Anette Kehnel, Professorin f&uuml;r Mittelalterliche Geschichte an der Universit&auml;t Mannheim, widmete sich dem Thema: &bdquo;Wir konnten auch anders. Eine kurze Geschichte der Nachhaltigkeit&ldquo;.<\/p>\n<p>[\/et_pb_accordion_item][\/et_pb_accordion][\/et_pb_column][\/et_pb_row][et_pb_row make_fullwidth=&#8220;off&#8220; use_custom_width=&#8220;off&#8220; width_unit=&#8220;off&#8220; custom_width_px=&#8220;1080px&#8220; custom_width_percent=&#8220;80%&#8220; use_custom_gutter=&#8220;off&#8220; gutter_width=&#8220;3&#8243; allow_player_pause=&#8220;off&#8220; parallax=&#8220;off&#8220; parallax_method=&#8220;on&#8220; make_equal=&#8220;off&#8220; parallax_1=&#8220;off&#8220; parallax_method_1=&#8220;on&#8220; parallax_2=&#8220;off&#8220; parallax_method_2=&#8220;on&#8220; parallax_3=&#8220;off&#8220; parallax_method_3=&#8220;on&#8220; parallax_4=&#8220;off&#8220; parallax_method_4=&#8220;on&#8220; admin_label=&#8220;Zeile&#8220; disabled=&#8220;off&#8220;][et_pb_column type=&#8220;1_4&#8243; disabled=&#8220;off&#8220; parallax=&#8220;off&#8220; parallax_method=&#8220;on&#8220;][\/et_pb_column][et_pb_column type=&#8220;1_2&#8243; disabled=&#8220;off&#8220; parallax=&#8220;off&#8220; parallax_method=&#8220;on&#8220;][et_pb_cta button_url=&#8220;https:\/\/www.mannheimer-altertumsverein.de\/#verein&#8220; url_new_window=&#8220;off&#8220; button_text=&#8220;Zur\u00fcck zum Verein&#8220; use_background_color=&#8220;on&#8220; background_color=&#8220;#007d3a&#8220; background_layout=&#8220;dark&#8220; text_orientation=&#8220;center&#8220; admin_label=&#8220;Handlungsaufruf&#8220; use_border_color=&#8220;off&#8220; border_color=&#8220;#ffffff&#8220; border_width=&#8220;1px&#8220; border_style=&#8220;solid&#8220; custom_button=&#8220;off&#8220; button_text_size=&#8220;20&#8243; button_letter_spacing=&#8220;0&#8243; button_use_icon=&#8220;default&#8220; button_icon_placement=&#8220;right&#8220; button_on_hover=&#8220;on&#8220; button_letter_spacing_hover=&#8220;0&#8243; disabled=&#8220;off&#8220;] [\/et_pb_cta][\/et_pb_column][et_pb_column type=&#8220;1_4&#8243; disabled=&#8220;off&#8220; parallax=&#8220;off&#8220; parallax_method=&#8220;on&#8220;][\/et_pb_column][\/et_pb_row][\/et_pb_section]<\/p>\n","protected":false},"excerpt":{"rendered":"<p>[et_pb_section background_image=&#8220;https:\/\/www.mannheimer-altertumsverein.de\/wp-content\/uploads\/2019\/03\/MP.png&#8220; transparent_background=&#8220;off&#8220; allow_player_pause=&#8220;off&#8220; inner_shadow=&#8220;off&#8220; parallax=&#8220;off&#8220; parallax_method=&#8220;off&#8220; make_fullwidth=&#8220;off&#8220; use_custom_width=&#8220;off&#8220; width_unit=&#8220;on&#8220; custom_width_px=&#8220;1080px&#8220; custom_width_percent=&#8220;80%&#8220; make_equal=&#8220;off&#8220; use_custom_gutter=&#8220;off&#8220; fullwidth=&#8220;off&#8220; specialty=&#8220;off&#8220; admin_label=&#8220;section&#8220; disabled=&#8220;off&#8220;][et_pb_row make_fullwidth=&#8220;off&#8220; use_custom_width=&#8220;off&#8220; width_unit=&#8220;off&#8220; custom_width_px=&#8220;1080px&#8220; custom_width_percent=&#8220;80%&#8220; use_custom_gutter=&#8220;off&#8220; gutter_width=&#8220;3&#8243; allow_player_pause=&#8220;off&#8220; parallax=&#8220;off&#8220; parallax_method=&#8220;on&#8220; make_equal=&#8220;off&#8220; parallax_1=&#8220;off&#8220; parallax_method_1=&#8220;on&#8220; parallax_2=&#8220;off&#8220; parallax_method_2=&#8220;on&#8220; parallax_3=&#8220;off&#8220; parallax_method_3=&#8220;on&#8220; parallax_4=&#8220;off&#8220; parallax_method_4=&#8220;on&#8220; admin_label=&#8220;Zeile&#8220; disabled=&#8220;off&#8220;][et_pb_column type=&#8220;4_4&#8243; disabled=&#8220;off&#8220; parallax=&#8220;off&#8220; parallax_method=&#8220;on&#8220;][et_pb_text background_layout=&#8220;light&#8220; text_orientation=&#8220;left&#8220; admin_label=&#8220;Text&#8220; use_border_color=&#8220;off&#8220; border_style=&#8220;solid&#8220; disabled=&#8220;off&#8220;] \u201eJunge Regionalforschung\u201c des Mannheimer Altertumsvereins von [&hellip;]<\/p>\n","protected":false},"author":1,"featured_media":0,"parent":0,"menu_order":0,"comment_status":"closed","ping_status":"closed","template":"","meta":[],"_links":{"self":[{"href":"https:\/\/www.mannheimer-altertumsverein.de\/index.php?rest_route=\/wp\/v2\/pages\/1038"}],"collection":[{"href":"https:\/\/www.mannheimer-altertumsverein.de\/index.php?rest_route=\/wp\/v2\/pages"}],"about":[{"href":"https:\/\/www.mannheimer-altertumsverein.de\/index.php?rest_route=\/wp\/v2\/types\/page"}],"author":[{"embeddable":true,"href":"https:\/\/www.mannheimer-altertumsverein.de\/index.php?rest_route=\/wp\/v2\/users\/1"}],"replies":[{"embeddable":true,"href":"https:\/\/www.mannheimer-altertumsverein.de\/index.php?rest_route=%2Fwp%2Fv2%2Fcomments&post=1038"}],"version-history":[{"count":10,"href":"https:\/\/www.mannheimer-altertumsverein.de\/index.php?rest_route=\/wp\/v2\/pages\/1038\/revisions"}],"predecessor-version":[{"id":2261,"href":"https:\/\/www.mannheimer-altertumsverein.de\/index.php?rest_route=\/wp\/v2\/pages\/1038\/revisions\/2261"}],"wp:attachment":[{"href":"https:\/\/www.mannheimer-altertumsverein.de\/index.php?rest_route=%2Fwp%2Fv2%2Fmedia&parent=1038"}],"curies":[{"name":"wp","href":"https:\/\/api.w.org\/{rel}","templated":true}]}}